{"id":3939,"date":"2025-08-06T09:04:21","date_gmt":"2025-08-06T09:04:21","guid":{"rendered":"https:\/\/yucall-solutions.com\/mentions-legales\/"},"modified":"2025-10-22T11:24:05","modified_gmt":"2025-10-22T11:24:05","slug":"mentions-legales","status":"publish","type":"page","link":"https:\/\/yucall-solutions.com\/en\/mentions-legales\/","title":{"rendered":"Mentions l\u00e9gales"},"content":{"rendered":"\t\t<div data-elementor-type=\"wp-page\" data-elementor-id=\"3939\" class=\"elementor elementor-3939 elementor-1023\" data-elementor-post-type=\"page\">\n\t\t\t\t<div class=\"has_eae_slider has_ae_slider elementor-element elementor-element-89b9323 e-flex e-con-boxed ae-bg-gallery-type-default e-con e-parent\" data-eae-slider=\"43071\" data-id=\"89b9323\" data-element_type=\"container\">\n\t\t\t\t\t<div class=\"e-con-inner\">\n\t\t\t\t<div class=\"elementor-element elementor-element-dea681a elementor-widget elementor-widget-heading\" data-id=\"dea681a\" data-element_type=\"widget\" data-widget_type=\"heading.default\">\n\t\t\t\t\t<h2 class=\"elementor-heading-title elementor-size-default\">Mentions l\u00e9gales<\/h2>\t\t\t\t<\/div>\n\t\t\t\t<div class=\"elementor-element elementor-element-e5879f2 elementor-widget__width-initial elementor-widget elementor-widget-text-editor\" data-id=\"e5879f2\" data-element_type=\"widget\" data-widget_type=\"text-editor.default\">\n\t\t\t\t\t\t\t\t\t<p>Retrouvez ici les informations l\u00e9gales relatives \u00e0 l\u2019\u00e9diteur du site, son h\u00e9bergement et les conditions d\u2019utilisation.<\/p>\t\t\t\t\t\t\t\t<\/div>\n\t\t\t\t<div class=\"elementor-element elementor-element-ec60dc1 elementor-widget-divider--view-line elementor-widget elementor-widget-divider\" data-id=\"ec60dc1\" data-element_type=\"widget\" data-widget_type=\"divider.default\">\n\t\t\t\t\t\t\t<div class=\"elementor-divider\">\n\t\t\t<span class=\"elementor-divider-separator\">\n\t\t\t\t\t\t<\/span>\n\t\t<\/div>\n\t\t\t\t\t\t<\/div>\n\t\t\t\t\t<\/div>\n\t\t\t\t<\/div>\n\t\t<div class=\"has_eae_slider has_ae_slider elementor-element elementor-element-86a9971 e-flex e-con-boxed ae-bg-gallery-type-default e-con e-parent\" data-eae-slider=\"36932\" data-id=\"86a9971\" data-element_type=\"container\">\n\t\t\t\t\t<div class=\"e-con-inner\">\n\t\t<div class=\"has_eae_slider has_ae_slider elementor-element elementor-element-838ac35 e-con-full e-flex ae-bg-gallery-type-default e-con e-child\" data-eae-slider=\"3560\" data-id=\"838ac35\" data-element_type=\"container\">\n\t\t\t\t<div class=\"elementor-element elementor-element-56158f6 elementor-widget elementor-widget-heading\" data-id=\"56158f6\" data-element_type=\"widget\" data-widget_type=\"heading.default\">\n\t\t\t\t\t<h2 class=\"elementor-heading-title elementor-size-default\">Site Web Yucall<\/h2>\t\t\t\t<\/div>\n\t\t\t\t<div class=\"elementor-element elementor-element-11e4429 elementor-icon-list--layout-traditional elementor-list-item-link-full_width elementor-widget elementor-widget-icon-list\" data-id=\"11e4429\" data-element_type=\"widget\" data-widget_type=\"icon-list.default\">\n\t\t\t\t\t\t\t<ul class=\"elementor-icon-list-items\">\n\t\t\t\t\t\t\t<li class=\"elementor-icon-list-item\">\n\t\t\t\t\t\t\t\t\t\t<span class=\"elementor-icon-list-text\">Site r\u00e9alis\u00e9 par : YUCALL<\/span>\n\t\t\t\t\t\t\t\t\t<\/li>\n\t\t\t\t\t\t\t\t<li class=\"elementor-icon-list-item\">\n\t\t\t\t\t\t\t\t\t\t<span class=\"elementor-icon-list-text\">Site h\u00e9berg\u00e9 par : OVH<\/span>\n\t\t\t\t\t\t\t\t\t<\/li>\n\t\t\t\t\t\t\t\t<li class=\"elementor-icon-list-item\">\n\t\t\t\t\t\t\t\t\t\t<span class=\"elementor-icon-list-text\">Propri\u00e9taire du site : SMC SAS<\/span>\n\t\t\t\t\t\t\t\t\t<\/li>\n\t\t\t\t\t\t\t\t<li class=\"elementor-icon-list-item\">\n\t\t\t\t\t\t\t\t\t\t<span class=\"elementor-icon-list-text\">Directeur de publication : Alexandre LEFORT<\/span>\n\t\t\t\t\t\t\t\t\t<\/li>\n\t\t\t\t\t\t<\/ul>\n\t\t\t\t\t\t<\/div>\n\t\t\t\t<\/div>\n\t\t<div class=\"has_eae_slider has_ae_slider elementor-element elementor-element-fc048b7 e-con-full e-flex ae-bg-gallery-type-default e-con e-child\" data-eae-slider=\"31381\" data-id=\"fc048b7\" data-element_type=\"container\">\n\t\t\t\t<div class=\"elementor-element elementor-element-01c69e2 elementor-widget elementor-widget-heading\" data-id=\"01c69e2\" data-element_type=\"widget\" data-widget_type=\"heading.default\">\n\t\t\t\t\t<h2 class=\"elementor-heading-title elementor-size-default\">SMC SAS \/ YUCALL<\/h2>\t\t\t\t<\/div>\n\t\t\t\t<div class=\"elementor-element elementor-element-ccfcbe6 elementor-icon-list--layout-traditional elementor-list-item-link-full_width elementor-widget elementor-widget-icon-list\" data-id=\"ccfcbe6\" data-element_type=\"widget\" data-widget_type=\"icon-list.default\">\n\t\t\t\t\t\t\t<ul class=\"elementor-icon-list-items\">\n\t\t\t\t\t\t\t<li class=\"elementor-icon-list-item\">\n\t\t\t\t\t\t\t\t\t\t<span class=\"elementor-icon-list-text\">24 rue Louis Blanc<\/span>\n\t\t\t\t\t\t\t\t\t<\/li>\n\t\t\t\t\t\t\t\t<li class=\"elementor-icon-list-item\">\n\t\t\t\t\t\t\t\t\t\t<span class=\"elementor-icon-list-text\">75010 PARIS <\/span>\n\t\t\t\t\t\t\t\t\t<\/li>\n\t\t\t\t\t\t\t\t<li class=\"elementor-icon-list-item\">\n\t\t\t\t\t\t\t\t\t\t<span class=\"elementor-icon-list-text\">SAS au capital de 5 000 \u20ac<\/span>\n\t\t\t\t\t\t\t\t\t<\/li>\n\t\t\t\t\t\t\t\t<li class=\"elementor-icon-list-item\">\n\t\t\t\t\t\t\t\t\t\t<span class=\"elementor-icon-list-text\">Immatricul\u00e9 au tribunal de commerce de PARIS sous le num\u00e9ro 801 442 823<\/span>\n\t\t\t\t\t\t\t\t\t<\/li>\n\t\t\t\t\t\t<\/ul>\n\t\t\t\t\t\t<\/div>\n\t\t\t\t<\/div>\n\t\t<div class=\"has_eae_slider has_ae_slider elementor-element elementor-element-f8632ea e-con-full e-flex ae-bg-gallery-type-default e-con e-child\" data-eae-slider=\"90988\" data-id=\"f8632ea\" data-element_type=\"container\">\n\t\t\t\t<div class=\"elementor-element elementor-element-3b63409 elementor-widget elementor-widget-heading\" data-id=\"3b63409\" data-element_type=\"widget\" data-widget_type=\"heading.default\">\n\t\t\t\t\t<h2 class=\"elementor-heading-title elementor-size-default\">Copyright<\/h2>\t\t\t\t<\/div>\n\t\t\t\t<div class=\"elementor-element elementor-element-8f4fe07 elementor-widget__width-initial elementor-widget elementor-widget-text-editor\" data-id=\"8f4fe07\" data-element_type=\"widget\" data-widget_type=\"text-editor.default\">\n\t\t\t\t\t\t\t\t\t<p>Toute reproduction ou distribution non autoris\u00e9e des informations de ce site est interdite. Le contenu est disponible pour un usage priv\u00e9 et non collectif. Le code de la propri\u00e9t\u00e9 intellectuelle n\u2019autorisant, aux termes de l\u2019article L. 122-5.2\u00b0 et 3\u00b0a, d\u2019une part, que\u201d les copies ou reproductions strictement r\u00e9serv\u00e9es \u00e0 l\u2019usage priv\u00e9 du copiste et non destin\u00e9es \u00e0 une utilisation collective\u201d et, d\u2019autre part, que les analyses et les courtes citations dans un but d\u2019exemple et d\u2019illustration, \u201d toute repr\u00e9sentation ou reproduction int\u00e9grale ou partielle faite sans le consentement de l\u2019auteur ou de ses ayants droit ou ayants cause est illicite \u201d (art L.122-4). Cette repr\u00e9sentation ou reproduction, par quelque proc\u00e9d\u00e9 que ce soit constituerait donc une contrefa\u00e7on sanctionn\u00e9e par les articles L.335-2 et suivants du code de la propri\u00e9t\u00e9 intellectuelle.<\/p>\t\t\t\t\t\t\t\t<\/div>\n\t\t\t\t<\/div>\n\t\t<div class=\"has_eae_slider has_ae_slider elementor-element elementor-element-32f4762 e-con-full e-flex ae-bg-gallery-type-default e-con e-child\" data-eae-slider=\"82301\" data-id=\"32f4762\" data-element_type=\"container\">\n\t\t\t\t<div class=\"elementor-element elementor-element-006e71b elementor-widget elementor-widget-heading\" data-id=\"006e71b\" data-element_type=\"widget\" data-widget_type=\"heading.default\">\n\t\t\t\t\t<h2 class=\"elementor-heading-title elementor-size-default\">Marques et logos<\/h2>\t\t\t\t<\/div>\n\t\t\t\t<div class=\"elementor-element elementor-element-4a2492f elementor-widget__width-initial elementor-widget elementor-widget-text-editor\" data-id=\"4a2492f\" data-element_type=\"widget\" data-widget_type=\"text-editor.default\">\n\t\t\t\t\t\t\t\t\t<p>Toute utilisation quelle qu\u2019elle soit, des noms de marques et logos pr\u00e9sents sur le site est interdite sans l\u2019autorisation pr\u00e9alable de Yucall ou des auteurs respectifs des marques et logos.<\/p>\t\t\t\t\t\t\t\t<\/div>\n\t\t\t\t<\/div>\n\t\t\t\t\t<\/div>\n\t\t\t\t<\/div>\n\t\t\t\t<\/div>\n\t\t","protected":false},"excerpt":{"rendered":"<p>Mentions l\u00e9gales Retrouvez ici les informations l\u00e9gales relatives \u00e0 l\u2019\u00e9diteur du site, son h\u00e9bergement et les conditions d\u2019utilisation. Site Web Yucall Site r\u00e9alis\u00e9 par : YUCALL Site h\u00e9berg\u00e9 par : OVH Propri\u00e9taire du site : SMC SAS Directeur de publication : Alexandre LEFORT SMC SAS \/ YUCALL 24 rue Louis Blanc 75010 PARIS SAS au [&hellip;]<\/p>\n","protected":false},"author":1,"featured_media":0,"parent":0,"menu_order":0,"comment_status":"closed","ping_status":"closed","template":"","meta":{"_acf_changed":false,"footnotes":""},"class_list":["post-3939","page","type-page","status-publish","hentry"],"acf":[],"_links":{"self":[{"href":"https:\/\/yucall-solutions.com\/en\/wp-json\/wp\/v2\/pages\/3939","targetHints":{"allow":["GET"]}}],"collection":[{"href":"https:\/\/yucall-solutions.com\/en\/wp-json\/wp\/v2\/pages"}],"about":[{"href":"https:\/\/yucall-solutions.com\/en\/wp-json\/wp\/v2\/types\/page"}],"author":[{"embeddable":true,"href":"https:\/\/yucall-solutions.com\/en\/wp-json\/wp\/v2\/users\/1"}],"replies":[{"embeddable":true,"href":"https:\/\/yucall-solutions.com\/en\/wp-json\/wp\/v2\/comments?post=3939"}],"version-history":[{"count":2,"href":"https:\/\/yucall-solutions.com\/en\/wp-json\/wp\/v2\/pages\/3939\/revisions"}],"predecessor-version":[{"id":4339,"href":"https:\/\/yucall-solutions.com\/en\/wp-json\/wp\/v2\/pages\/3939\/revisions\/4339"}],"wp:attachment":[{"href":"https:\/\/yucall-solutions.com\/en\/wp-json\/wp\/v2\/media?parent=3939"}],"curies":[{"name":"wp","href":"https:\/\/api.w.org\/{rel}","templated":true}]}}