{"id":3929,"date":"2025-08-08T20:46:11","date_gmt":"2025-08-08T20:46:11","guid":{"rendered":"https:\/\/yucall-solutions.com\/404-2\/"},"modified":"2025-08-25T16:48:59","modified_gmt":"2025-08-25T16:48:59","slug":"404-2","status":"publish","type":"page","link":"https:\/\/yucall-solutions.com\/en\/404-2\/","title":{"rendered":"404"},"content":{"rendered":"\t\t<div data-elementor-type=\"wp-page\" data-elementor-id=\"3929\" class=\"elementor elementor-3929 elementor-1610\" data-elementor-post-type=\"page\">\n\t\t\t\t<div class=\"has_eae_slider has_ae_slider elementor-element elementor-element-6fe6bd5 e-flex e-con-boxed ae-bg-gallery-type-default e-con e-parent\" data-eae-slider=\"9992\" data-id=\"6fe6bd5\" data-element_type=\"container\" data-settings=\"{&quot;background_background&quot;:&quot;video&quot;,&quot;background_video_link&quot;:&quot;https:\\\/\\\/yucall-solutions.com\\\/wp-content\\\/uploads\\\/2025\\\/08\\\/modern-terrace-empty-restaurant-2023-11-27-05-08-58-utc.mp4&quot;,&quot;background_play_on_mobile&quot;:&quot;yes&quot;}\">\n\t\t\t\t\t<div class=\"e-con-inner\">\n\t\t<div class=\"elementor-background-video-container\" aria-hidden=\"true\">\n\t\t\t\t\t\t\t<video class=\"elementor-background-video-hosted\" autoplay muted playsinline loop><\/video>\n\t\t\t\t\t<\/div><div class=\"has_eae_slider has_ae_slider elementor-element elementor-element-a94bffe e-flex e-con-boxed ae-bg-gallery-type-default e-con e-child\" data-eae-slider=\"85377\" data-id=\"a94bffe\" data-element_type=\"container\">\n\t\t\t\t\t<div class=\"e-con-inner\">\n\t\t<div class=\"has_eae_slider has_ae_slider elementor-element elementor-element-b199c82 e-con-full e-flex ae-bg-gallery-type-default e-con e-child\" data-eae-slider=\"13506\" data-id=\"b199c82\" data-element_type=\"container\">\n\t\t\t\t<div class=\"elementor-element elementor-element-437ba82 elementor-widget elementor-widget-heading\" data-id=\"437ba82\" data-element_type=\"widget\" data-widget_type=\"heading.default\">\n\t\t\t\t\t<h2 class=\"elementor-heading-title elementor-size-default\">404 Not Found<\/h2>\t\t\t\t<\/div>\n\t\t\t\t<div class=\"elementor-element elementor-element-4e2b38d elementor-widget elementor-widget-text-editor\" data-id=\"4e2b38d\" data-element_type=\"widget\" data-widget_type=\"text-editor.default\">\n\t\t\t\t\t\t\t\t\t<p>Oups ! Il semblerait que la page demand\u00e9e n&#8217;existe pas ou a \u00e9t\u00e9 supprim\u00e9e&#8230; <\/p>\t\t\t\t\t\t\t\t<\/div>\n\t\t\t\t<div class=\"elementor-element elementor-element-332933a elementor-align-center elementor-widget__width-auto elementor-widget elementor-widget-button\" data-id=\"332933a\" data-element_type=\"widget\" data-widget_type=\"button.default\">\n\t\t\t\t\t\t\t\t\t\t<a class=\"elementor-button elementor-button-link elementor-size-sm\" href=\"#\">\n\t\t\t\t\t\t<span class=\"elementor-button-content-wrapper\">\n\t\t\t\t\t\t\t\t\t<span class=\"elementor-button-text\">Retourner \u00e0 l\u2019accueil<\/span>\n\t\t\t\t\t<\/span>\n\t\t\t\t\t<\/a>\n\t\t\t\t\t\t\t\t<\/div>\n\t\t\t\t<\/div>\n\t\t\t\t\t<\/div>\n\t\t\t\t<\/div>\n\t\t\t\t\t<\/div>\n\t\t\t\t<\/div>\n\t\t\t\t<\/div>\n\t\t","protected":false},"excerpt":{"rendered":"<p>404 Not Found Oups ! Il semblerait que la page demand\u00e9e n&#8217;existe pas ou a \u00e9t\u00e9 supprim\u00e9e&#8230; Retourner \u00e0 l\u2019accueil<\/p>\n","protected":false},"author":1,"featured_media":0,"parent":0,"menu_order":0,"comment_status":"closed","ping_status":"closed","template":"","meta":{"_acf_changed":false,"footnotes":""},"class_list":["post-3929","page","type-page","status-publish","hentry"],"acf":[],"_links":{"self":[{"href":"https:\/\/yucall-solutions.com\/en\/wp-json\/wp\/v2\/pages\/3929","targetHints":{"allow":["GET"]}}],"collection":[{"href":"https:\/\/yucall-solutions.com\/en\/wp-json\/wp\/v2\/pages"}],"about":[{"href":"https:\/\/yucall-solutions.com\/en\/wp-json\/wp\/v2\/types\/page"}],"author":[{"embeddable":true,"href":"https:\/\/yucall-solutions.com\/en\/wp-json\/wp\/v2\/users\/1"}],"replies":[{"embeddable":true,"href":"https:\/\/yucall-solutions.com\/en\/wp-json\/wp\/v2\/comments?post=3929"}],"version-history":[{"count":1,"href":"https:\/\/yucall-solutions.com\/en\/wp-json\/wp\/v2\/pages\/3929\/revisions"}],"predecessor-version":[{"id":3930,"href":"https:\/\/yucall-solutions.com\/en\/wp-json\/wp\/v2\/pages\/3929\/revisions\/3930"}],"wp:attachment":[{"href":"https:\/\/yucall-solutions.com\/en\/wp-json\/wp\/v2\/media?parent=3929"}],"curies":[{"name":"wp","href":"https:\/\/api.w.org\/{rel}","templated":true}]}}